{"id":1764,"date":"2020-12-07T21:23:32","date_gmt":"2020-12-08T00:23:32","guid":{"rendered":"https:\/\/viajantesturismo.com\/?page_id=1764"},"modified":"2024-11-04T17:26:34","modified_gmt":"2024-11-04T20:26:34","slug":"politicas-de-pagamento-e-cancelamento","status":"publish","type":"page","link":"https:\/\/viajantesturismo.com\/en\/quem-somos\/politicas-de-pagamento-e-cancelamento\/","title":{"rendered":"Payment and Cancellation Policy"},"content":{"rendered":"<div data-elementor-type=\"wp-page\" data-elementor-id=\"1764\" class=\"elementor elementor-1764\">\n\t\t\t\t\t\t<section class=\"elementor-section elementor-top-section elementor-element elementor-element-c50838b elementor-section-boxed elementor-section-height-default elementor-section-height-default\" data-id=\"c50838b\" data-element_type=\"section\" data-e-type=\"section\" data-settings=\"{&quot;background_background&quot;:&quot;classic&quot;}\">\n\t\t\t\t\t\t\t<div class=\"elementor-background-overlay\"><\/div>\n\t\t\t\t\t\t\t<div class=\"elementor-container elementor-column-gap-default\">\n\t\t\t\t\t<div class=\"elementor-column elementor-col-33 elementor-top-column elementor-element elementor-element-2f84d6d\" data-id=\"2f84d6d\" data-element_type=\"column\" data-e-type=\"column\">\n\t\t\t<div class=\"elementor-widget-wrap\">\n\t\t\t\t\t\t\t<\/div>\n\t\t<\/div>\n\t\t\t\t<div class=\"elementor-column elementor-col-33 elementor-top-column elementor-element elementor-element-55b0429\" data-id=\"55b0429\" data-element_type=\"column\" data-e-type=\"column\">\n\t\t\t<div class=\"elementor-widget-wrap elementor-element-populated\">\n\t\t\t\t\t\t<div class=\"elementor-element elementor-element-453e782 elementor-widget elementor-widget-heading\" data-id=\"453e782\" data-element_type=\"widget\" data-e-type=\"widget\" data-widget_type=\"heading.default\">\n\t\t\t\t<div class=\"elementor-widget-container\">\n\t\t\t\t\t<h1 class=\"elementor-heading-title elementor-size-default\">POL\u00cdTICAS DE PAGAMENTO E CANCELAMENTO<\/h1>\t\t\t\t<\/div>\n\t\t\t\t<\/div>\n\t\t\t\t<div class=\"elementor-element elementor-element-f9b4032 elementor-view-stacked elementor-widget__width-initial elementor-widget-mobile__width-initial elementor-fixed elementor-hidden-desktop elementor-hidden-tablet elementor-shape-circle elementor-widget elementor-widget-icon\" data-id=\"f9b4032\" data-element_type=\"widget\" data-e-type=\"widget\" data-settings=\"{&quot;_position&quot;:&quot;fixed&quot;}\" data-widget_type=\"icon.default\">\n\t\t\t\t<div class=\"elementor-widget-container\">\n\t\t\t\t\t\t\t<div class=\"elementor-icon-wrapper\">\n\t\t\t<a class=\"elementor-icon elementor-animation-grow\" href=\"https:\/\/wa.me\/message\/DLM3TPAJ4XOSN1\">\n\t\t\t<i aria-hidden=\"true\" class=\"fab fa-whatsapp\"><\/i>\t\t\t<\/a>\n\t\t<\/div>\n\t\t\t\t\t\t<\/div>\n\t\t\t\t<\/div>\n\t\t\t\t\t<\/div>\n\t\t<\/div>\n\t\t\t\t<div class=\"elementor-column elementor-col-33 elementor-top-column elementor-element elementor-element-79b148e\" data-id=\"79b148e\" data-element_type=\"column\" data-e-type=\"column\">\n\t\t\t<div class=\"elementor-widget-wrap\">\n\t\t\t\t\t\t\t<\/div>\n\t\t<\/div>\n\t\t\t\t\t<\/div>\n\t\t<\/section>\n\t\t\t\t<section class=\"elementor-section elementor-top-section elementor-element elementor-element-7e4e224 elementor-section-boxed elementor-section-height-default elementor-section-height-default\" data-id=\"7e4e224\" data-element_type=\"section\" data-e-type=\"section\">\n\t\t\t\t\t\t<div class=\"elementor-container elementor-column-gap-default\">\n\t\t\t\t\t<div class=\"elementor-column elementor-col-100 elementor-top-column elementor-element elementor-element-034cfbf\" data-id=\"034cfbf\" data-element_type=\"column\" data-e-type=\"column\">\n\t\t\t<div class=\"elementor-widget-wrap elementor-element-populated\">\n\t\t\t\t\t\t<div class=\"elementor-element elementor-element-4f6f279 elementor-widget elementor-widget-heading\" data-id=\"4f6f279\" data-element_type=\"widget\" data-e-type=\"widget\" data-widget_type=\"heading.default\">\n\t\t\t\t<div class=\"elementor-widget-container\">\n\t\t\t\t\t<h2 class=\"elementor-heading-title elementor-size-default\">POL\u00cdTICA DE PAGAMENTO<\/h2>\t\t\t\t<\/div>\n\t\t\t\t<\/div>\n\t\t\t\t<div class=\"elementor-element elementor-element-e45cfd6 elementor-widget-divider--view-line elementor-widget elementor-widget-divider\" data-id=\"e45cfd6\" data-element_type=\"widget\" data-e-type=\"widget\" data-widget_type=\"divider.default\">\n\t\t\t\t<div class=\"elementor-widget-container\">\n\t\t\t\t\t\t\t<div class=\"elementor-divider\">\n\t\t\t<span class=\"elementor-divider-separator\">\n\t\t\t\t\t\t<\/span>\n\t\t<\/div>\n\t\t\t\t\t\t<\/div>\n\t\t\t\t<\/div>\n\t\t\t\t<div class=\"elementor-element elementor-element-d66b7f3 elementor-widget elementor-widget-text-editor\" data-id=\"d66b7f3\" data-element_type=\"widget\" data-e-type=\"widget\" data-widget_type=\"text-editor.default\">\n\t\t\t\t<div class=\"elementor-widget-container\">\n\t\t\t\t\t\t\t\t\t<h5>Payment method<\/h5><p><strong>O valor da viagem \u00e9 em euros.<\/strong><\/p><p>30% do valor no momento da reserva.<br \/><span style=\"color: var( --e-global-color-text ); font-family: var( --e-global-typography-text-font-family ), Sans-serif; font-size: 16px; letter-spacing: var( --e-global-typography-text-letter-spacing );\">O valor restante dever\u00e1 ser pago at\u00e9 60 dias antes do in\u00edcio da viagem.<\/span><\/p><div><p><span lang=\"PT-BR\">O cliente pode solicitar outras condi\u00e7\u00f5es para pagamento, por\u00e9m respeitando os limites acima citados.<\/span><\/p><p><span style=\"font-size: 1.2em; font-weight: bold;\">M\u00e9todos de pagamento<\/span><\/p><\/div><div><p>Todo o pagamento e\u0301 feito a\u0300 <span lang=\"PT-BR\">ViajantesTurismo, de acordo com os dados contratados.<\/span> <br \/>Todo o processo sera\u0301 feito via e-mail, inclusive o envio dos seus recibos de pagamento.<br \/><span style=\"font-size: 16px;\">Assim que for efetuado o pagamento do valor relativo a\u0300 entrada, seu recibo sera\u0301 enviado e sua vaga esta\u0301 garantida!\u00a0<br \/><\/span><span style=\"font-size: 16px;\">O na\u0303o pagamento dos valores nas datas especificadas pode cancelar a sua reserva.\u00a0<\/span><\/p><\/div><div><div><p><span lang=\"PT-BR\">1. O pagamento poder\u00e1 ser efetuado por transfer\u00eancia banc\u00e1ria diretamente na conta da ViajantesTurismo, em Portugal.<\/span><\/p><\/div><div><p><span lang=\"PT-BR\">2. O pagamento poder\u00e1 ser efetuado no Brasil, atrav\u00e9s da <strong>Pagtur<\/strong>, nossa contratada no pa\u00eds, especializada em meios de pagamentos para o turismo no exterior. <\/span><\/p><\/div><div><p><span lang=\"PT-BR\">Formas de pagamento atrav\u00e9s da Pagtur<\/span><\/p><\/div><div><p><strong><span lang=\"PT-BR\">a) \u00a0<span style=\"text-decoration: underline;\">TED, PIX ou Boleto Banc\u00e1rio<\/span><\/span><\/strong><\/p><p style=\"font-weight: 400;\">. A compra, atrav\u00e9s de transfer\u00eancia banc\u00e1ria, PIX ou boleto, poder\u00e1 ser parcelada em at\u00e9 4 vezes.<\/p><p style=\"font-weight: 400;\">. Essa forma de pagamento fica praticamente isenta de IOF, somente 0,38%.<\/p><p style=\"font-weight: 400;\">. O valor cobrado ser\u00e1 sempre em euros, mas convertido, voc\u00ea pagar\u00e1 em reais no Brasil.<\/p><p style=\"font-weight: 400;\">. Para pagamento de cada parcela voc\u00ea dever\u00e1 solicitar o envio do link e o receber\u00e1 por e-mail com o c\u00e2mbio atualizado. \u00c9 s\u00f3 clicar no link e proceder com o pagamento.<\/p><p style=\"font-weight: 400;\">. Os links para pagamentos ser\u00e3o sempre gerados e enviados no dia combinado e os pagamentos dever\u00e3o ser realizados no mesmo dia, para garantia do c\u00e2mbio.<\/p><p>. O n\u00e3o pagamento do boleto no dia que foi gerado o link implicar\u00e1 o custo de 20 euros para um novo boleto.<\/p><p>. Existir\u00e3o dois pagamento com datas fixas: o da entrada, de 30%, no ato da reserva e a \u00faltima parcela que dever\u00e1 ser paga at\u00e9 60 dias antes da viagem,<\/p><p>. Para o pagamento das parcelas intermedi\u00e1rias, voc\u00ea escolhe a data.<\/p><\/div><div><p><span lang=\"PT-BR\"><span style=\"text-decoration: underline;\"><strong>b) Cart\u00e3o de cr\u00e9dito<\/strong><\/span><\/span><\/p><p>\u00a0A sua compra pode ser parcelada em at\u00e9 10 parcelas, que ser\u00e3o acrescidas de taxas e juros. Consulte condi\u00e7\u00f5es.<\/p><\/div><div><p><span lang=\"PT-BR\">Ap\u00f3s a escolha da forma de pagamento pelo cliente, todo o processo ser\u00e1 realizado on line, via link de pagamento, enviado pela ViajantesTurismo, e dever\u00e1 ser efetuado no mesmo dia do envio.<\/span><\/p><\/div><div><p>Dados da <span lang=\"PT-BR\">ViajantesTurismo<\/span><\/p><\/div><div><p>Nome:<span lang=\"PT-BR\"> Carla Giurizatto &#8211; ViajantesTurismo, Unipessoal LDA<\/span><\/p><p>Enderec\u0327o:<br \/>Travessa do Fala S\u00f3, 11, 2\u00b0 esq. <br \/>Lisboa &#8211; 1250 109 &#8211; Portugal <br \/>Tel: +49 171 2198987<\/p><\/div><div><p>RNAVT: 10302<br \/>NIF: 516965808 (relativo ao CNPJ)<\/p><p>Dados banca\u0301rios<span lang=\"PT-BR\">:<br \/><\/span>Banco Santander Totta S.A.<br \/>C<span lang=\"PT-BR\">onta<\/span>: 0003 55595482020 31 BT<br \/>IBAN: PT50 0018 0003 55595482020 94 <br \/>BIC: TOTAPTPL<\/p><\/div><\/div>\t\t\t\t\t\t\t\t<\/div>\n\t\t\t\t<\/div>\n\t\t\t\t\t<\/div>\n\t\t<\/div>\n\t\t\t\t\t<\/div>\n\t\t<\/section>\n\t\t\t\t<section class=\"elementor-section elementor-top-section elementor-element elementor-element-eb8c0e1 elementor-section-boxed elementor-section-height-default elementor-section-height-default\" data-id=\"eb8c0e1\" data-element_type=\"section\" data-e-type=\"section\">\n\t\t\t\t\t\t<div class=\"elementor-container elementor-column-gap-default\">\n\t\t\t\t\t<div class=\"elementor-column elementor-col-100 elementor-top-column elementor-element elementor-element-095efa7\" data-id=\"095efa7\" data-element_type=\"column\" data-e-type=\"column\">\n\t\t\t<div class=\"elementor-widget-wrap elementor-element-populated\">\n\t\t\t\t\t\t<div class=\"elementor-element elementor-element-2fcb3e7 elementor-widget elementor-widget-heading\" data-id=\"2fcb3e7\" data-element_type=\"widget\" data-e-type=\"widget\" data-widget_type=\"heading.default\">\n\t\t\t\t<div class=\"elementor-widget-container\">\n\t\t\t\t\t<h2 class=\"elementor-heading-title elementor-size-default\">POL\u00cdTICA DE CANCELAMENTO<\/h2>\t\t\t\t<\/div>\n\t\t\t\t<\/div>\n\t\t\t\t<div class=\"elementor-element elementor-element-e4eca13 elementor-widget-divider--view-line elementor-widget elementor-widget-divider\" data-id=\"e4eca13\" data-element_type=\"widget\" data-e-type=\"widget\" data-widget_type=\"divider.default\">\n\t\t\t\t<div class=\"elementor-widget-container\">\n\t\t\t\t\t\t\t<div class=\"elementor-divider\">\n\t\t\t<span class=\"elementor-divider-separator\">\n\t\t\t\t\t\t<\/span>\n\t\t<\/div>\n\t\t\t\t\t\t<\/div>\n\t\t\t\t<\/div>\n\t\t\t\t<div class=\"elementor-element elementor-element-f7eb5db elementor-widget elementor-widget-text-editor\" data-id=\"f7eb5db\" data-element_type=\"widget\" data-e-type=\"widget\" data-widget_type=\"text-editor.default\">\n\t\t\t\t<div class=\"elementor-widget-container\">\n\t\t\t\t\t\t\t\t\t<div><p>Caso voc\u00ea precise cancelar sua viagem, abaixo est\u00e1 descrito nossa pol\u00edtica de cancelamento. <span style=\"font-size: 16px;\">Ser\u00e3o aplicados os seguintes percentuais de multa por cancelamento, de acordo com as regras para viagens de grupo:<\/span><\/p><\/div><p style=\"font-weight: 400;\">ate\u0301 121 dias antes da viagem: 30% do valor da viagem<br \/>de 120 a 61 dias antes da viagem: 50% do valor da viagem<br \/><span style=\"font-size: 16px;\">de 60 a 46 dias antes da viagem: 70% do valor da viagem<br \/><\/span><span style=\"font-size: 16px;\">de 45 a 31 dias antes da viagem: 90% do valor da viagem<br \/><\/span><span style=\"font-size: 16px;\">30 dias antes da viagem ou n\u00e3o comparecimento: 95% do valor da viagem<\/span><\/p><div>O seguro viagem viagem \u00e9 obrigat\u00f3rio para entrada em v\u00e1rios pa\u00edses. J<span style=\"font-size: 16px; font-style: normal; color: var( --e-global-color-text ); font-family: var( --e-global-typography-text-font-family ), Sans-serif; letter-spacing: var( --e-global-typography-text-letter-spacing );\">untamente com o seu seguro viagem sa\u00fade, f<\/span><span style=\"font-size: 16px; font-style: normal; color: var( --e-global-color-text ); font-family: var( --e-global-typography-text-font-family ), Sans-serif; letter-spacing: var( --e-global-typography-text-letter-spacing );\">a\u00e7a um seguro que te d\u00ea respaldo tamb\u00e9m em caso de cancelamento.<\/span><\/div><div><span style=\"font-size: 16px; font-style: normal; color: var( --e-global-color-text ); font-family: var( --e-global-typography-text-font-family ), Sans-serif; letter-spacing: var( --e-global-typography-text-letter-spacing );\">\u00a0<\/span><\/div>\t\t\t\t\t\t\t\t<\/div>\n\t\t\t\t<\/div>\n\t\t\t\t\t<\/div>\n\t\t<\/div>\n\t\t\t\t\t<\/div>\n\t\t<\/section>\n\t\t\t\t<\/div>","protected":false},"excerpt":{"rendered":"<p>POL\u00cdTICAS DE PAGAMENTO E CANCELAMENTO POL\u00cdTICA DE PAGAMENTO Forma de pagamento O valor da viagem \u00e9 em euros. 30% do valor no momento da reserva.O valor restante dever\u00e1 ser pago at\u00e9 60 dias antes do in\u00edcio da viagem. O cliente pode solicitar outras condi\u00e7\u00f5es para pagamento, por\u00e9m respeitando os limites acima citados. M\u00e9todos de pagamento [&hellip;]<\/p>\n","protected":false},"author":1,"featured_media":0,"parent":501,"menu_order":0,"comment_status":"closed","ping_status":"closed","template":"elementor_header_footer","meta":{"_monsterinsights_skip_tracking":false,"_monsterinsights_sitenote_active":false,"_monsterinsights_sitenote_note":"","_monsterinsights_sitenote_category":0,"site-sidebar-layout":"no-sidebar","site-content-layout":"page-builder","ast-site-content-layout":"default","site-content-style":"default","site-sidebar-style":"default","ast-global-header-display":"","ast-banner-title-visibility":"","ast-main-header-display":"","ast-hfb-above-header-display":"","ast-hfb-below-header-display":"","ast-hfb-mobile-header-display":"","site-post-title":"disabled","ast-breadcrumbs-content":"","ast-featured-img":"disabled","footer-sml-layout":"","ast-disable-related-posts":"","theme-transparent-header-meta":"enabled","adv-header-id-meta":"","stick-header-meta":"","header-above-stick-meta":"","header-main-stick-meta":"","header-below-stick-meta":"","astra-migrate-meta-layouts":"default","ast-page-background-enabled":"default","ast-page-background-meta":{"desktop":{"background-color":"","background-image":"","background-repeat":"repeat","background-position":"center center","background-size":"auto","background-attachment":"scroll","background-type":"","background-media":"","overlay-type":"","overlay-color":"","overlay-opacity":"","overlay-gradient":""},"tablet":{"background-color":"","background-image":"","background-repeat":"repeat","background-position":"center center","background-size":"auto","background-attachment":"scroll","background-type":"","background-media":"","overlay-type":"","overlay-color":"","overlay-opacity":"","overlay-gradient":""},"mobile":{"background-color":"","background-image":"","background-repeat":"repeat","background-position":"center center","background-size":"auto","background-attachment":"scroll","background-type":"","background-media":"","overlay-type":"","overlay-color":"","overlay-opacity":"","overlay-gradient":""}},"ast-content-background-meta":{"desktop":{"background-color":"var(--ast-global-color-5)","background-image":"","background-repeat":"repeat","background-position":"center center","background-size":"auto","background-attachment":"scroll","background-type":"","background-media":"","overlay-type":"","overlay-color":"","overlay-opacity":"","overlay-gradient":""},"tablet":{"background-color":"var(--ast-global-color-5)","background-image":"","background-repeat":"repeat","background-position":"center center","background-size":"auto","background-attachment":"scroll","background-type":"","background-media":"","overlay-type":"","overlay-color":"","overlay-opacity":"","overlay-gradient":""},"mobile":{"background-color":"var(--ast-global-color-5)","background-image":"","background-repeat":"repeat","background-position":"center center","background-size":"auto","background-attachment":"scroll","background-type":"","background-media":"","overlay-type":"","overlay-color":"","overlay-opacity":"","overlay-gradient":""}},"footnotes":""},"class_list":["post-1764","page","type-page","status-publish","hentry"],"yoast_head":"<!-- This site is optimized with the Yoast SEO plugin v27.4 - https:\/\/yoast.com\/product\/yoast-seo-wordpress\/ -->\n<title>Pol\u00edticas de Pagamento e Cancelamento - ViajantesTurismo - Cicloturismo ao redor do globo<\/title>\n<meta name=\"description\" content=\"Viagens de bicicleta para pequenos grupos com guia, van de apoio, piqueniques, degusta\u00e7\u00e3o de vinho e op\u00e7\u00e3o de bicicleta el\u00e9trica.\" \/>\n<meta name=\"robots\" content=\"index, follow, max-snippet:-1, max-image-preview:large, max-video-preview:-1\" \/>\n<link rel=\"canonical\" href=\"https:\/\/viajantesturismo.com\/en\/quem-somos\/politicas-de-pagamento-e-cancelamento\/\" \/>\n<meta property=\"og:locale\" content=\"en_US\" \/>\n<meta property=\"og:type\" content=\"article\" \/>\n<meta property=\"og:title\" content=\"Pol\u00edticas de Pagamento e Cancelamento - ViajantesTurismo - Cicloturismo ao redor do globo\" \/>\n<meta property=\"og:description\" content=\"Viagens de bicicleta para pequenos grupos com guia, van de apoio, piqueniques, degusta\u00e7\u00e3o de vinho e op\u00e7\u00e3o de bicicleta el\u00e9trica.\" \/>\n<meta property=\"og:url\" content=\"https:\/\/viajantesturismo.com\/en\/quem-somos\/politicas-de-pagamento-e-cancelamento\/\" \/>\n<meta property=\"og:site_name\" content=\"ViajantesTurismo\" \/>\n<meta property=\"article:publisher\" content=\"https:\/\/www.facebook.com\/ViajantesTurismoBR\" \/>\n<meta property=\"article:modified_time\" content=\"2024-11-04T20:26:34+00:00\" \/>\n<meta name=\"twitter:card\" content=\"summary_large_image\" \/>\n<meta name=\"twitter:label1\" content=\"Est. reading time\" \/>\n\t<meta name=\"twitter:data1\" content=\"4 minutes\" \/>\n<script type=\"application\/ld+json\" class=\"yoast-schema-graph\">{\"@context\":\"https:\\\/\\\/schema.org\",\"@graph\":[{\"@type\":\"WebPage\",\"@id\":\"https:\\\/\\\/viajantesturismo.com\\\/quem-somos\\\/politicas-de-pagamento-e-cancelamento\\\/\",\"url\":\"https:\\\/\\\/viajantesturismo.com\\\/quem-somos\\\/politicas-de-pagamento-e-cancelamento\\\/\",\"name\":\"Pol\u00edticas de Pagamento e Cancelamento - ViajantesTurismo - Cicloturismo ao redor do globo\",\"isPartOf\":{\"@id\":\"https:\\\/\\\/viajantesturismo.com\\\/#website\"},\"datePublished\":\"2020-12-08T00:23:32+00:00\",\"dateModified\":\"2024-11-04T20:26:34+00:00\",\"description\":\"Viagens de bicicleta para pequenos grupos com guia, van de apoio, piqueniques, degusta\u00e7\u00e3o de vinho e op\u00e7\u00e3o de bicicleta el\u00e9trica.\",\"breadcrumb\":{\"@id\":\"https:\\\/\\\/viajantesturismo.com\\\/quem-somos\\\/politicas-de-pagamento-e-cancelamento\\\/#breadcrumb\"},\"inLanguage\":\"en-US\",\"potentialAction\":[{\"@type\":\"ReadAction\",\"target\":[\"https:\\\/\\\/viajantesturismo.com\\\/quem-somos\\\/politicas-de-pagamento-e-cancelamento\\\/\"]}]},{\"@type\":\"BreadcrumbList\",\"@id\":\"https:\\\/\\\/viajantesturismo.com\\\/quem-somos\\\/politicas-de-pagamento-e-cancelamento\\\/#breadcrumb\",\"itemListElement\":[{\"@type\":\"ListItem\",\"position\":1,\"name\":\"Home\",\"item\":\"https:\\\/\\\/viajantesturismo.com\\\/\"},{\"@type\":\"ListItem\",\"position\":2,\"name\":\"Quem Somos\",\"item\":\"https:\\\/\\\/viajantesturismo.com\\\/quem-somos\\\/\"},{\"@type\":\"ListItem\",\"position\":3,\"name\":\"Pol\u00edticas de Pagamento e Cancelamento\"}]},{\"@type\":\"WebSite\",\"@id\":\"https:\\\/\\\/viajantesturismo.com\\\/#website\",\"url\":\"https:\\\/\\\/viajantesturismo.com\\\/\",\"name\":\"ViajantesTurismo\",\"description\":\"Para voc\u00ea que ama pedalar!\",\"publisher\":{\"@id\":\"https:\\\/\\\/viajantesturismo.com\\\/#organization\"},\"potentialAction\":[{\"@type\":\"SearchAction\",\"target\":{\"@type\":\"EntryPoint\",\"urlTemplate\":\"https:\\\/\\\/viajantesturismo.com\\\/?s={search_term_string}\"},\"query-input\":{\"@type\":\"PropertyValueSpecification\",\"valueRequired\":true,\"valueName\":\"search_term_string\"}}],\"inLanguage\":\"en-US\"},{\"@type\":\"Organization\",\"@id\":\"https:\\\/\\\/viajantesturismo.com\\\/#organization\",\"name\":\"ViajantesTurismo\",\"url\":\"https:\\\/\\\/viajantesturismo.com\\\/\",\"logo\":{\"@type\":\"ImageObject\",\"inLanguage\":\"en-US\",\"@id\":\"https:\\\/\\\/viajantesturismo.com\\\/#\\\/schema\\\/logo\\\/image\\\/\",\"url\":\"\",\"contentUrl\":\"\",\"caption\":\"ViajantesTurismo\"},\"image\":{\"@id\":\"https:\\\/\\\/viajantesturismo.com\\\/#\\\/schema\\\/logo\\\/image\\\/\"},\"sameAs\":[\"https:\\\/\\\/www.facebook.com\\\/ViajantesTurismoBR\",\"https:\\\/\\\/instagram.com\\\/viajantesturismo\",\"https:\\\/\\\/www.youtube.com\\\/channel\\\/UC6bSuQAj3CYD5av3sNWhDLA\"]}]}<\/script>\n<!-- \/ Yoast SEO plugin. -->","yoast_head_json":{"title":"Pol\u00edticas de Pagamento e Cancelamento - ViajantesTurismo - Cicloturismo ao redor do globo","description":"Viagens de bicicleta para pequenos grupos com guia, van de apoio, piqueniques, degusta\u00e7\u00e3o de vinho e op\u00e7\u00e3o de bicicleta el\u00e9trica.","robots":{"index":"index","follow":"follow","max-snippet":"max-snippet:-1","max-image-preview":"max-image-preview:large","max-video-preview":"max-video-preview:-1"},"canonical":"https:\/\/viajantesturismo.com\/en\/quem-somos\/politicas-de-pagamento-e-cancelamento\/","og_locale":"en_US","og_type":"article","og_title":"Pol\u00edticas de Pagamento e Cancelamento - ViajantesTurismo - Cicloturismo ao redor do globo","og_description":"Viagens de bicicleta para pequenos grupos com guia, van de apoio, piqueniques, degusta\u00e7\u00e3o de vinho e op\u00e7\u00e3o de bicicleta el\u00e9trica.","og_url":"https:\/\/viajantesturismo.com\/en\/quem-somos\/politicas-de-pagamento-e-cancelamento\/","og_site_name":"ViajantesTurismo","article_publisher":"https:\/\/www.facebook.com\/ViajantesTurismoBR","article_modified_time":"2024-11-04T20:26:34+00:00","twitter_card":"summary_large_image","twitter_misc":{"Est. reading time":"4 minutes"},"schema":{"@context":"https:\/\/schema.org","@graph":[{"@type":"WebPage","@id":"https:\/\/viajantesturismo.com\/quem-somos\/politicas-de-pagamento-e-cancelamento\/","url":"https:\/\/viajantesturismo.com\/quem-somos\/politicas-de-pagamento-e-cancelamento\/","name":"Pol\u00edticas de Pagamento e Cancelamento - ViajantesTurismo - Cicloturismo ao redor do globo","isPartOf":{"@id":"https:\/\/viajantesturismo.com\/#website"},"datePublished":"2020-12-08T00:23:32+00:00","dateModified":"2024-11-04T20:26:34+00:00","description":"Viagens de bicicleta para pequenos grupos com guia, van de apoio, piqueniques, degusta\u00e7\u00e3o de vinho e op\u00e7\u00e3o de bicicleta el\u00e9trica.","breadcrumb":{"@id":"https:\/\/viajantesturismo.com\/quem-somos\/politicas-de-pagamento-e-cancelamento\/#breadcrumb"},"inLanguage":"en-US","potentialAction":[{"@type":"ReadAction","target":["https:\/\/viajantesturismo.com\/quem-somos\/politicas-de-pagamento-e-cancelamento\/"]}]},{"@type":"BreadcrumbList","@id":"https:\/\/viajantesturismo.com\/quem-somos\/politicas-de-pagamento-e-cancelamento\/#breadcrumb","itemListElement":[{"@type":"ListItem","position":1,"name":"Home","item":"https:\/\/viajantesturismo.com\/"},{"@type":"ListItem","position":2,"name":"Quem Somos","item":"https:\/\/viajantesturismo.com\/quem-somos\/"},{"@type":"ListItem","position":3,"name":"Pol\u00edticas de Pagamento e Cancelamento"}]},{"@type":"WebSite","@id":"https:\/\/viajantesturismo.com\/#website","url":"https:\/\/viajantesturismo.com\/","name":"ViajantesTurismo","description":"Para voc\u00ea que ama pedalar!","publisher":{"@id":"https:\/\/viajantesturismo.com\/#organization"},"potentialAction":[{"@type":"SearchAction","target":{"@type":"EntryPoint","urlTemplate":"https:\/\/viajantesturismo.com\/?s={search_term_string}"},"query-input":{"@type":"PropertyValueSpecification","valueRequired":true,"valueName":"search_term_string"}}],"inLanguage":"en-US"},{"@type":"Organization","@id":"https:\/\/viajantesturismo.com\/#organization","name":"ViajantesTurismo","url":"https:\/\/viajantesturismo.com\/","logo":{"@type":"ImageObject","inLanguage":"en-US","@id":"https:\/\/viajantesturismo.com\/#\/schema\/logo\/image\/","url":"","contentUrl":"","caption":"ViajantesTurismo"},"image":{"@id":"https:\/\/viajantesturismo.com\/#\/schema\/logo\/image\/"},"sameAs":["https:\/\/www.facebook.com\/ViajantesTurismoBR","https:\/\/instagram.com\/viajantesturismo","https:\/\/www.youtube.com\/channel\/UC6bSuQAj3CYD5av3sNWhDLA"]}]}},"_links":{"self":[{"href":"https:\/\/viajantesturismo.com\/en\/wp-json\/wp\/v2\/pages\/1764","targetHints":{"allow":["GET"]}}],"collection":[{"href":"https:\/\/viajantesturismo.com\/en\/wp-json\/wp\/v2\/pages"}],"about":[{"href":"https:\/\/viajantesturismo.com\/en\/wp-json\/wp\/v2\/types\/page"}],"author":[{"embeddable":true,"href":"https:\/\/viajantesturismo.com\/en\/wp-json\/wp\/v2\/users\/1"}],"replies":[{"embeddable":true,"href":"https:\/\/viajantesturismo.com\/en\/wp-json\/wp\/v2\/comments?post=1764"}],"version-history":[{"count":3,"href":"https:\/\/viajantesturismo.com\/en\/wp-json\/wp\/v2\/pages\/1764\/revisions"}],"predecessor-version":[{"id":12638,"href":"https:\/\/viajantesturismo.com\/en\/wp-json\/wp\/v2\/pages\/1764\/revisions\/12638"}],"up":[{"embeddable":true,"href":"https:\/\/viajantesturismo.com\/en\/wp-json\/wp\/v2\/pages\/501"}],"wp:attachment":[{"href":"https:\/\/viajantesturismo.com\/en\/wp-json\/wp\/v2\/media?parent=1764"}],"curies":[{"name":"wp","href":"https:\/\/api.w.org\/{rel}","templated":true}]}}