{"id":8162,"date":"2022-04-17T17:11:00","date_gmt":"2022-04-17T20:11:00","guid":{"rendered":"https:\/\/viajantesturismo.com\/?page_id=8162"},"modified":"2024-11-04T17:13:10","modified_gmt":"2024-11-04T20:13:10","slug":"impressum","status":"publish","type":"page","link":"https:\/\/viajantesturismo.com\/en\/quem-somos\/impressum\/","title":{"rendered":"Impressum"},"content":{"rendered":"<div data-elementor-type=\"wp-page\" data-elementor-id=\"8162\" class=\"elementor elementor-8162\">\n\t\t\t\t\t\t<section class=\"elementor-section elementor-top-section elementor-element elementor-element-c50838b elementor-section-boxed elementor-section-height-default elementor-section-height-default\" data-id=\"c50838b\" data-element_type=\"section\" data-e-type=\"section\" data-settings=\"{&quot;background_background&quot;:&quot;classic&quot;}\">\n\t\t\t\t\t\t\t<div class=\"elementor-background-overlay\"><\/div>\n\t\t\t\t\t\t\t<div class=\"elementor-container elementor-column-gap-default\">\n\t\t\t\t\t<div class=\"elementor-column elementor-col-33 elementor-top-column elementor-element elementor-element-2f84d6d\" data-id=\"2f84d6d\" data-element_type=\"column\" data-e-type=\"column\">\n\t\t\t<div class=\"elementor-widget-wrap\">\n\t\t\t\t\t\t\t<\/div>\n\t\t<\/div>\n\t\t\t\t<div class=\"elementor-column elementor-col-33 elementor-top-column elementor-element elementor-element-55b0429\" data-id=\"55b0429\" data-element_type=\"column\" data-e-type=\"column\">\n\t\t\t<div class=\"elementor-widget-wrap elementor-element-populated\">\n\t\t\t\t\t\t<div class=\"elementor-element elementor-element-453e782 elementor-widget elementor-widget-heading\" data-id=\"453e782\" data-element_type=\"widget\" data-e-type=\"widget\" data-widget_type=\"heading.default\">\n\t\t\t\t<div class=\"elementor-widget-container\">\n\t\t\t\t\t<h1 class=\"elementor-heading-title elementor-size-default\">IMPRESSUM<\/h1>\t\t\t\t<\/div>\n\t\t\t\t<\/div>\n\t\t\t\t<div class=\"elementor-element elementor-element-f9b4032 elementor-view-stacked elementor-widget__width-initial elementor-widget-mobile__width-initial elementor-fixed elementor-hidden-desktop elementor-hidden-tablet elementor-shape-circle elementor-widget elementor-widget-icon\" data-id=\"f9b4032\" data-element_type=\"widget\" data-e-type=\"widget\" data-settings=\"{&quot;_position&quot;:&quot;fixed&quot;}\" data-widget_type=\"icon.default\">\n\t\t\t\t<div class=\"elementor-widget-container\">\n\t\t\t\t\t\t\t<div class=\"elementor-icon-wrapper\">\n\t\t\t<a class=\"elementor-icon elementor-animation-grow\" href=\"https:\/\/wa.me\/message\/DLM3TPAJ4XOSN1\">\n\t\t\t<i aria-hidden=\"true\" class=\"fab fa-whatsapp\"><\/i>\t\t\t<\/a>\n\t\t<\/div>\n\t\t\t\t\t\t<\/div>\n\t\t\t\t<\/div>\n\t\t\t\t\t<\/div>\n\t\t<\/div>\n\t\t\t\t<div class=\"elementor-column elementor-col-33 elementor-top-column elementor-element elementor-element-79b148e\" data-id=\"79b148e\" data-element_type=\"column\" data-e-type=\"column\">\n\t\t\t<div class=\"elementor-widget-wrap\">\n\t\t\t\t\t\t\t<\/div>\n\t\t<\/div>\n\t\t\t\t\t<\/div>\n\t\t<\/section>\n\t\t\t\t<section class=\"elementor-section elementor-top-section elementor-element elementor-element-7e4e224 elementor-section-boxed elementor-section-height-default elementor-section-height-default\" data-id=\"7e4e224\" data-element_type=\"section\" data-e-type=\"section\">\n\t\t\t\t\t\t<div class=\"elementor-container elementor-column-gap-default\">\n\t\t\t\t\t<div class=\"elementor-column elementor-col-100 elementor-top-column elementor-element elementor-element-034cfbf\" data-id=\"034cfbf\" data-element_type=\"column\" data-e-type=\"column\">\n\t\t\t<div class=\"elementor-widget-wrap elementor-element-populated\">\n\t\t\t\t\t\t<div class=\"elementor-element elementor-element-4f6f279 elementor-widget elementor-widget-heading\" data-id=\"4f6f279\" data-element_type=\"widget\" data-e-type=\"widget\" data-widget_type=\"heading.default\">\n\t\t\t\t<div class=\"elementor-widget-container\">\n\t\t\t\t\t<h2 class=\"elementor-heading-title elementor-size-default\">IMPRINTO<\/h2>\t\t\t\t<\/div>\n\t\t\t\t<\/div>\n\t\t\t\t<div class=\"elementor-element elementor-element-e45cfd6 elementor-widget-divider--view-line elementor-widget elementor-widget-divider\" data-id=\"e45cfd6\" data-element_type=\"widget\" data-e-type=\"widget\" data-widget_type=\"divider.default\">\n\t\t\t\t<div class=\"elementor-widget-container\">\n\t\t\t\t\t\t\t<div class=\"elementor-divider\">\n\t\t\t<span class=\"elementor-divider-separator\">\n\t\t\t\t\t\t<\/span>\n\t\t<\/div>\n\t\t\t\t\t\t<\/div>\n\t\t\t\t<\/div>\n\t\t\t\t<div class=\"elementor-element elementor-element-d66b7f3 elementor-widget elementor-widget-text-editor\" data-id=\"d66b7f3\" data-element_type=\"widget\" data-e-type=\"widget\" data-widget_type=\"text-editor.default\">\n\t\t\t\t<div class=\"elementor-widget-container\">\n\t\t\t\t\t\t\t\t\t<p>Carla Giurizatto ViajantesTurismo Unipessoal LDA<br \/>Travessa do Fala S\u00f3, 11, 2\u00b0 esq. <br \/>Lisboa &#8211; 1250 109 &#8211; Portugal <br \/>Tel: +49 171 2198987<br \/>E-Mail: viajantes@viajantesturismo.com<\/p><p>Administra\u00e7\u00e3o: Carla Giurizatto<\/p>\t\t\t\t\t\t\t\t<\/div>\n\t\t\t\t<\/div>\n\t\t\t\t\t<\/div>\n\t\t<\/div>\n\t\t\t\t\t<\/div>\n\t\t<\/section>\n\t\t\t\t<\/div>","protected":false},"excerpt":{"rendered":"<p>IMPRESSUM IMPRINTO Carla Giurizatto ViajantesTurismo Unipessoal LDATravessa do Fala S\u00f3, 11, 2\u00b0 esq. Lisboa &#8211; 1250 109 &#8211; Portugal Tel: +49 171 2198987E-Mail: viajantes@viajantesturismo.com Administra\u00e7\u00e3o: Carla Giurizatto<\/p>","protected":false},"author":1,"featured_media":0,"parent":501,"menu_order":0,"comment_status":"closed","ping_status":"closed","template":"elementor_header_footer","meta":{"_monsterinsights_skip_tracking":false,"_monsterinsights_sitenote_active":false,"_monsterinsights_sitenote_note":"","_monsterinsights_sitenote_category":0,"site-sidebar-layout":"no-sidebar","site-content-layout":"page-builder","ast-site-content-layout":"default","site-content-style":"default","site-sidebar-style":"default","ast-global-header-display":"","ast-banner-title-visibility":"","ast-main-header-display":"","ast-hfb-above-header-display":"","ast-hfb-below-header-display":"","ast-hfb-mobile-header-display":"","site-post-title":"disabled","ast-breadcrumbs-content":"","ast-featured-img":"disabled","footer-sml-layout":"","ast-disable-related-posts":"","theme-transparent-header-meta":"enabled","adv-header-id-meta":"","stick-header-meta":"","header-above-stick-meta":"","header-main-stick-meta":"","header-below-stick-meta":"","astra-migrate-meta-layouts":"default","ast-page-background-enabled":"default","ast-page-background-meta":{"desktop":{"background-color":"","background-image":"","background-repeat":"repeat","background-position":"center center","background-size":"auto","background-attachment":"scroll","background-type":"","background-media":"","overlay-type":"","overlay-color":"","overlay-opacity":"","overlay-gradient":""},"tablet":{"background-color":"","background-image":"","background-repeat":"repeat","background-position":"center center","background-size":"auto","background-attachment":"scroll","background-type":"","background-media":"","overlay-type":"","overlay-color":"","overlay-opacity":"","overlay-gradient":""},"mobile":{"background-color":"","background-image":"","background-repeat":"repeat","background-position":"center center","background-size":"auto","background-attachment":"scroll","background-type":"","background-media":"","overlay-type":"","overlay-color":"","overlay-opacity":"","overlay-gradient":""}},"ast-content-background-meta":{"desktop":{"background-color":"var(--ast-global-color-5)","background-image":"","background-repeat":"repeat","background-position":"center center","background-size":"auto","background-attachment":"scroll","background-type":"","background-media":"","overlay-type":"","overlay-color":"","overlay-opacity":"","overlay-gradient":""},"tablet":{"background-color":"var(--ast-global-color-5)","background-image":"","background-repeat":"repeat","background-position":"center center","background-size":"auto","background-attachment":"scroll","background-type":"","background-media":"","overlay-type":"","overlay-color":"","overlay-opacity":"","overlay-gradient":""},"mobile":{"background-color":"var(--ast-global-color-5)","background-image":"","background-repeat":"repeat","background-position":"center center","background-size":"auto","background-attachment":"scroll","background-type":"","background-media":"","overlay-type":"","overlay-color":"","overlay-opacity":"","overlay-gradient":""}},"footnotes":""},"class_list":["post-8162","page","type-page","status-publish","hentry"],"yoast_head":"<!-- This site is optimized with the Yoast SEO plugin v27.4 - https:\/\/yoast.com\/product\/yoast-seo-wordpress\/ -->\n<title>Impressum - ViajantesTurismo - Cicloturismo ao redor do globo<\/title>\n<meta name=\"description\" content=\"Viagens de bicicleta para pequenos grupos com guia, van de apoio, piqueniques, degusta\u00e7\u00e3o de vinho e op\u00e7\u00e3o de bicicleta el\u00e9trica.\" \/>\n<meta name=\"robots\" content=\"index, follow, max-snippet:-1, max-image-preview:large, max-video-preview:-1\" \/>\n<link rel=\"canonical\" href=\"https:\/\/viajantesturismo.com\/en\/quem-somos\/impressum\/\" \/>\n<meta property=\"og:locale\" content=\"en_US\" \/>\n<meta property=\"og:type\" content=\"article\" \/>\n<meta property=\"og:title\" content=\"Impressum - ViajantesTurismo - Cicloturismo ao redor do globo\" \/>\n<meta property=\"og:description\" content=\"Viagens de bicicleta para pequenos grupos com guia, van de apoio, piqueniques, degusta\u00e7\u00e3o de vinho e op\u00e7\u00e3o de bicicleta el\u00e9trica.\" \/>\n<meta property=\"og:url\" content=\"https:\/\/viajantesturismo.com\/en\/quem-somos\/impressum\/\" \/>\n<meta property=\"og:site_name\" content=\"ViajantesTurismo\" \/>\n<meta property=\"article:publisher\" content=\"https:\/\/www.facebook.com\/ViajantesTurismoBR\" \/>\n<meta property=\"article:modified_time\" content=\"2024-11-04T20:13:10+00:00\" \/>\n<meta name=\"twitter:card\" content=\"summary_large_image\" \/>\n<meta name=\"twitter:label1\" content=\"Est. reading time\" \/>\n\t<meta name=\"twitter:data1\" content=\"1 minute\" \/>\n<script type=\"application\/ld+json\" class=\"yoast-schema-graph\">{\"@context\":\"https:\\\/\\\/schema.org\",\"@graph\":[{\"@type\":\"WebPage\",\"@id\":\"https:\\\/\\\/viajantesturismo.com\\\/quem-somos\\\/impressum\\\/\",\"url\":\"https:\\\/\\\/viajantesturismo.com\\\/quem-somos\\\/impressum\\\/\",\"name\":\"Impressum - ViajantesTurismo - Cicloturismo ao redor do globo\",\"isPartOf\":{\"@id\":\"https:\\\/\\\/viajantesturismo.com\\\/#website\"},\"datePublished\":\"2022-04-17T20:11:00+00:00\",\"dateModified\":\"2024-11-04T20:13:10+00:00\",\"description\":\"Viagens de bicicleta para pequenos grupos com guia, van de apoio, piqueniques, degusta\u00e7\u00e3o de vinho e op\u00e7\u00e3o de bicicleta el\u00e9trica.\",\"breadcrumb\":{\"@id\":\"https:\\\/\\\/viajantesturismo.com\\\/quem-somos\\\/impressum\\\/#breadcrumb\"},\"inLanguage\":\"en-US\",\"potentialAction\":[{\"@type\":\"ReadAction\",\"target\":[\"https:\\\/\\\/viajantesturismo.com\\\/quem-somos\\\/impressum\\\/\"]}]},{\"@type\":\"BreadcrumbList\",\"@id\":\"https:\\\/\\\/viajantesturismo.com\\\/quem-somos\\\/impressum\\\/#breadcrumb\",\"itemListElement\":[{\"@type\":\"ListItem\",\"position\":1,\"name\":\"Home\",\"item\":\"https:\\\/\\\/viajantesturismo.com\\\/\"},{\"@type\":\"ListItem\",\"position\":2,\"name\":\"Quem Somos\",\"item\":\"https:\\\/\\\/viajantesturismo.com\\\/quem-somos\\\/\"},{\"@type\":\"ListItem\",\"position\":3,\"name\":\"Impressum\"}]},{\"@type\":\"WebSite\",\"@id\":\"https:\\\/\\\/viajantesturismo.com\\\/#website\",\"url\":\"https:\\\/\\\/viajantesturismo.com\\\/\",\"name\":\"ViajantesTurismo\",\"description\":\"Para voc\u00ea que ama pedalar!\",\"publisher\":{\"@id\":\"https:\\\/\\\/viajantesturismo.com\\\/#organization\"},\"potentialAction\":[{\"@type\":\"SearchAction\",\"target\":{\"@type\":\"EntryPoint\",\"urlTemplate\":\"https:\\\/\\\/viajantesturismo.com\\\/?s={search_term_string}\"},\"query-input\":{\"@type\":\"PropertyValueSpecification\",\"valueRequired\":true,\"valueName\":\"search_term_string\"}}],\"inLanguage\":\"en-US\"},{\"@type\":\"Organization\",\"@id\":\"https:\\\/\\\/viajantesturismo.com\\\/#organization\",\"name\":\"ViajantesTurismo\",\"url\":\"https:\\\/\\\/viajantesturismo.com\\\/\",\"logo\":{\"@type\":\"ImageObject\",\"inLanguage\":\"en-US\",\"@id\":\"https:\\\/\\\/viajantesturismo.com\\\/#\\\/schema\\\/logo\\\/image\\\/\",\"url\":\"\",\"contentUrl\":\"\",\"caption\":\"ViajantesTurismo\"},\"image\":{\"@id\":\"https:\\\/\\\/viajantesturismo.com\\\/#\\\/schema\\\/logo\\\/image\\\/\"},\"sameAs\":[\"https:\\\/\\\/www.facebook.com\\\/ViajantesTurismoBR\",\"https:\\\/\\\/instagram.com\\\/viajantesturismo\",\"https:\\\/\\\/www.youtube.com\\\/channel\\\/UC6bSuQAj3CYD5av3sNWhDLA\"]}]}<\/script>\n<!-- \/ Yoast SEO plugin. -->","yoast_head_json":{"title":"Impressum - ViajantesTurismo - Cicloturismo ao redor do globo","description":"Viagens de bicicleta para pequenos grupos com guia, van de apoio, piqueniques, degusta\u00e7\u00e3o de vinho e op\u00e7\u00e3o de bicicleta el\u00e9trica.","robots":{"index":"index","follow":"follow","max-snippet":"max-snippet:-1","max-image-preview":"max-image-preview:large","max-video-preview":"max-video-preview:-1"},"canonical":"https:\/\/viajantesturismo.com\/en\/quem-somos\/impressum\/","og_locale":"en_US","og_type":"article","og_title":"Impressum - ViajantesTurismo - Cicloturismo ao redor do globo","og_description":"Viagens de bicicleta para pequenos grupos com guia, van de apoio, piqueniques, degusta\u00e7\u00e3o de vinho e op\u00e7\u00e3o de bicicleta el\u00e9trica.","og_url":"https:\/\/viajantesturismo.com\/en\/quem-somos\/impressum\/","og_site_name":"ViajantesTurismo","article_publisher":"https:\/\/www.facebook.com\/ViajantesTurismoBR","article_modified_time":"2024-11-04T20:13:10+00:00","twitter_card":"summary_large_image","twitter_misc":{"Est. reading time":"1 minute"},"schema":{"@context":"https:\/\/schema.org","@graph":[{"@type":"WebPage","@id":"https:\/\/viajantesturismo.com\/quem-somos\/impressum\/","url":"https:\/\/viajantesturismo.com\/quem-somos\/impressum\/","name":"Impressum - ViajantesTurismo - Cicloturismo ao redor do globo","isPartOf":{"@id":"https:\/\/viajantesturismo.com\/#website"},"datePublished":"2022-04-17T20:11:00+00:00","dateModified":"2024-11-04T20:13:10+00:00","description":"Viagens de bicicleta para pequenos grupos com guia, van de apoio, piqueniques, degusta\u00e7\u00e3o de vinho e op\u00e7\u00e3o de bicicleta el\u00e9trica.","breadcrumb":{"@id":"https:\/\/viajantesturismo.com\/quem-somos\/impressum\/#breadcrumb"},"inLanguage":"en-US","potentialAction":[{"@type":"ReadAction","target":["https:\/\/viajantesturismo.com\/quem-somos\/impressum\/"]}]},{"@type":"BreadcrumbList","@id":"https:\/\/viajantesturismo.com\/quem-somos\/impressum\/#breadcrumb","itemListElement":[{"@type":"ListItem","position":1,"name":"Home","item":"https:\/\/viajantesturismo.com\/"},{"@type":"ListItem","position":2,"name":"Quem Somos","item":"https:\/\/viajantesturismo.com\/quem-somos\/"},{"@type":"ListItem","position":3,"name":"Impressum"}]},{"@type":"WebSite","@id":"https:\/\/viajantesturismo.com\/#website","url":"https:\/\/viajantesturismo.com\/","name":"ViajantesTurismo","description":"Para voc\u00ea que ama pedalar!","publisher":{"@id":"https:\/\/viajantesturismo.com\/#organization"},"potentialAction":[{"@type":"SearchAction","target":{"@type":"EntryPoint","urlTemplate":"https:\/\/viajantesturismo.com\/?s={search_term_string}"},"query-input":{"@type":"PropertyValueSpecification","valueRequired":true,"valueName":"search_term_string"}}],"inLanguage":"en-US"},{"@type":"Organization","@id":"https:\/\/viajantesturismo.com\/#organization","name":"ViajantesTurismo","url":"https:\/\/viajantesturismo.com\/","logo":{"@type":"ImageObject","inLanguage":"en-US","@id":"https:\/\/viajantesturismo.com\/#\/schema\/logo\/image\/","url":"","contentUrl":"","caption":"ViajantesTurismo"},"image":{"@id":"https:\/\/viajantesturismo.com\/#\/schema\/logo\/image\/"},"sameAs":["https:\/\/www.facebook.com\/ViajantesTurismoBR","https:\/\/instagram.com\/viajantesturismo","https:\/\/www.youtube.com\/channel\/UC6bSuQAj3CYD5av3sNWhDLA"]}]}},"_links":{"self":[{"href":"https:\/\/viajantesturismo.com\/en\/wp-json\/wp\/v2\/pages\/8162","targetHints":{"allow":["GET"]}}],"collection":[{"href":"https:\/\/viajantesturismo.com\/en\/wp-json\/wp\/v2\/pages"}],"about":[{"href":"https:\/\/viajantesturismo.com\/en\/wp-json\/wp\/v2\/types\/page"}],"author":[{"embeddable":true,"href":"https:\/\/viajantesturismo.com\/en\/wp-json\/wp\/v2\/users\/1"}],"replies":[{"embeddable":true,"href":"https:\/\/viajantesturismo.com\/en\/wp-json\/wp\/v2\/comments?post=8162"}],"version-history":[{"count":3,"href":"https:\/\/viajantesturismo.com\/en\/wp-json\/wp\/v2\/pages\/8162\/revisions"}],"predecessor-version":[{"id":12634,"href":"https:\/\/viajantesturismo.com\/en\/wp-json\/wp\/v2\/pages\/8162\/revisions\/12634"}],"up":[{"embeddable":true,"href":"https:\/\/viajantesturismo.com\/en\/wp-json\/wp\/v2\/pages\/501"}],"wp:attachment":[{"href":"https:\/\/viajantesturismo.com\/en\/wp-json\/wp\/v2\/media?parent=8162"}],"curies":[{"name":"wp","href":"https:\/\/api.w.org\/{rel}","templated":true}]}}